{"id":5918,"date":"2021-08-03T10:07:53","date_gmt":"2021-08-03T10:07:53","guid":{"rendered":"https:\/\/bottlerain.com\/?page_id=5918"},"modified":"2021-08-03T17:17:36","modified_gmt":"2021-08-03T17:17:36","slug":"projekte","status":"publish","type":"page","link":"https:\/\/bottlerain.com\/?page_id=5918","title":{"rendered":"Projekte"},"content":{"rendered":"\n\n\n<table style=\"border-collapse: collapse; width: 100%;\">\n<tbody>\n<tr>\n<td style=\"width: 24.9804%;\"><img loading=\"lazy\" class=\"alignnone size-medium wp-image-5844 lazyload\" data-src=\"https:\/\/bottlerain.com\/wp-content\/uploads\/2021\/06\/cropped-cropped-cropped-cropped-Lumii_20210606_203659561-1-300x251.jpg\" alt=\"\" width=\"300\" height=\"251\" data-srcset=\"https:\/\/bottlerain.com\/wp-content\/uploads\/2021\/06\/cropped-cropped-cropped-cropped-Lumii_20210606_203659561-1-300x251.jpg 300w, https:\/\/bottlerain.com\/wp-content\/uploads\/2021\/06\/cropped-cropped-cropped-cropped-Lumii_20210606_203659561-1-1024x857.jpg 1024w, https:\/\/bottlerain.com\/wp-content\/uploads\/2021\/06\/cropped-cropped-cropped-cropped-Lumii_20210606_203659561-1-150x125.jpg 150w, https:\/\/bottlerain.com\/wp-content\/uploads\/2021\/06\/cropped-cropped-cropped-cropped-Lumii_20210606_203659561-1-768x642.jpg 768w, https:\/\/bottlerain.com\/wp-content\/uploads\/2021\/06\/cropped-cropped-cropped-cropped-Lumii_20210606_203659561-1-1536x1285.jpg 1536w, https:\/\/bottlerain.com\/wp-content\/uploads\/2021\/06\/cropped-cropped-cropped-cropped-Lumii_20210606_203659561-1-331x277.jpg 331w, https:\/\/bottlerain.com\/wp-content\/uploads\/2021\/06\/cropped-cropped-cropped-cropped-Lumii_20210606_203659561-1.jpg 1920w\" data-sizes=\"(max-width: 300px) 100vw, 300px\" src=\"data:image\/gif;base64,R0lGODlhAQABAAAAACH5BAEKAAEALAAAAAABAAEAAAICTAEAOw==\" style=\"--smush-placeholder-width: 300px; --smush-placeholder-aspect-ratio: 300\/251;\" \/><noscript><img loading=\"lazy\" class=\"alignnone size-medium wp-image-5844\" src=\"https:\/\/bottlerain.com\/wp-content\/uploads\/2021\/06\/cropped-cropped-cropped-cropped-Lumii_20210606_203659561-1-300x251.jpg\" alt=\"\" width=\"300\" height=\"251\" srcset=\"https:\/\/bottlerain.com\/wp-content\/uploads\/2021\/06\/cropped-cropped-cropped-cropped-Lumii_20210606_203659561-1-300x251.jpg 300w, https:\/\/bottlerain.com\/wp-content\/uploads\/2021\/06\/cropped-cropped-cropped-cropped-Lumii_20210606_203659561-1-1024x857.jpg 1024w, https:\/\/bottlerain.com\/wp-content\/uploads\/2021\/06\/cropped-cropped-cropped-cropped-Lumii_20210606_203659561-1-150x125.jpg 150w, https:\/\/bottlerain.com\/wp-content\/uploads\/2021\/06\/cropped-cropped-cropped-cropped-Lumii_20210606_203659561-1-768x642.jpg 768w, https:\/\/bottlerain.com\/wp-content\/uploads\/2021\/06\/cropped-cropped-cropped-cropped-Lumii_20210606_203659561-1-1536x1285.jpg 1536w, https:\/\/bottlerain.com\/wp-content\/uploads\/2021\/06\/cropped-cropped-cropped-cropped-Lumii_20210606_203659561-1-331x277.jpg 331w, https:\/\/bottlerain.com\/wp-content\/uploads\/2021\/06\/cropped-cropped-cropped-cropped-Lumii_20210606_203659561-1.jpg 1920w\" sizes=\"(max-width: 300px) 100vw, 300px\" \/><\/noscript><\/td>\n<td style=\"width: 41.6862%;\">\u00a0 <a href=\"https:\/\/bottlerain.com\/?page_id=272\">\u00a0<strong>Drunken House (Nepal)<\/strong><\/a><\/td>\n<td style=\"width: 33.3333%;\">Wie mir die Idee zum H\u00e4userbau mit Plastikflaschen kam, als mir die Decke \u00fcber dem Kopf zusammenfiel<\/td>\n<\/tr>\n<tr>\n<td style=\"width: 24.9804%;\">\u00a0<\/td>\n<td style=\"width: 41.6862%;\">\u00a0<\/td>\n<td style=\"width: 33.3333%;\">\u00a0<\/td>\n<\/tr>\n<tr>\n<td style=\"width: 24.9804%;\"><img loading=\"lazy\" class=\"alignnone size-medium wp-image-5768 lazyload\" data-src=\"https:\/\/bottlerain.com\/wp-content\/uploads\/2021\/08\/Lumii_20210617_133647944-300x135.jpg\" alt=\"\" width=\"300\" height=\"135\" data-srcset=\"https:\/\/bottlerain.com\/wp-content\/uploads\/2021\/08\/Lumii_20210617_133647944-300x135.jpg 300w, https:\/\/bottlerain.com\/wp-content\/uploads\/2021\/08\/Lumii_20210617_133647944-1024x461.jpg 1024w, https:\/\/bottlerain.com\/wp-content\/uploads\/2021\/08\/Lumii_20210617_133647944-150x68.jpg 150w, https:\/\/bottlerain.com\/wp-content\/uploads\/2021\/08\/Lumii_20210617_133647944-768x346.jpg 768w, https:\/\/bottlerain.com\/wp-content\/uploads\/2021\/08\/Lumii_20210617_133647944-1536x691.jpg 1536w, https:\/\/bottlerain.com\/wp-content\/uploads\/2021\/08\/Lumii_20210617_133647944-331x149.jpg 331w, https:\/\/bottlerain.com\/wp-content\/uploads\/2021\/08\/Lumii_20210617_133647944.jpg 1600w\" data-sizes=\"(max-width: 300px) 100vw, 300px\" src=\"data:image\/gif;base64,R0lGODlhAQABAAAAACH5BAEKAAEALAAAAAABAAEAAAICTAEAOw==\" style=\"--smush-placeholder-width: 300px; --smush-placeholder-aspect-ratio: 300\/135;\" \/><noscript><img loading=\"lazy\" class=\"alignnone size-medium wp-image-5768\" src=\"https:\/\/bottlerain.com\/wp-content\/uploads\/2021\/08\/Lumii_20210617_133647944-300x135.jpg\" alt=\"\" width=\"300\" height=\"135\" srcset=\"https:\/\/bottlerain.com\/wp-content\/uploads\/2021\/08\/Lumii_20210617_133647944-300x135.jpg 300w, https:\/\/bottlerain.com\/wp-content\/uploads\/2021\/08\/Lumii_20210617_133647944-1024x461.jpg 1024w, https:\/\/bottlerain.com\/wp-content\/uploads\/2021\/08\/Lumii_20210617_133647944-150x68.jpg 150w, https:\/\/bottlerain.com\/wp-content\/uploads\/2021\/08\/Lumii_20210617_133647944-768x346.jpg 768w, https:\/\/bottlerain.com\/wp-content\/uploads\/2021\/08\/Lumii_20210617_133647944-1536x691.jpg 1536w, https:\/\/bottlerain.com\/wp-content\/uploads\/2021\/08\/Lumii_20210617_133647944-331x149.jpg 331w, https:\/\/bottlerain.com\/wp-content\/uploads\/2021\/08\/Lumii_20210617_133647944.jpg 1600w\" sizes=\"(max-width: 300px) 100vw, 300px\" \/><\/noscript><\/td>\n<td style=\"width: 41.6862%;\"><strong>\u00a0 <a href=\"https:\/\/bottlerain.com\/?page_id=274\">Tukkiland (Thailand)<\/a><\/strong><\/td>\n<td style=\"width: 33.3333%;\">Unser Ferienresort und Aktivisten Dorm, gebaut aus M\u00fcll. F\u00fcr kreative Menschen auf der Urwald-Insel Koh Phayam, Andaman Sea, S\u00fcd Thailand<\/td>\n<\/tr>\n<tr>\n<td style=\"width: 24.9804%;\">\u00a0<\/td>\n<td style=\"width: 41.6862%;\"><strong>\u00a0<\/strong><\/td>\n<td style=\"width: 33.3333%;\">\u00a0<\/td>\n<\/tr>\n<tr>\n<td style=\"width: 24.9804%;\"><strong><img loading=\"lazy\" class=\"alignnone  wp-image-5793 lazyload\" data-src=\"https:\/\/bottlerain.com\/wp-content\/uploads\/2021\/08\/Lumii_20210802_112932670-241x300.jpg\" alt=\"\" width=\"292\" height=\"363\" data-srcset=\"https:\/\/bottlerain.com\/wp-content\/uploads\/2021\/08\/Lumii_20210802_112932670-241x300.jpg 241w, https:\/\/bottlerain.com\/wp-content\/uploads\/2021\/08\/Lumii_20210802_112932670-120x150.jpg 120w, https:\/\/bottlerain.com\/wp-content\/uploads\/2021\/08\/Lumii_20210802_112932670.jpg 729w\" data-sizes=\"(max-width: 292px) 100vw, 292px\" src=\"data:image\/gif;base64,R0lGODlhAQABAAAAACH5BAEKAAEALAAAAAABAAEAAAICTAEAOw==\" style=\"--smush-placeholder-width: 292px; --smush-placeholder-aspect-ratio: 292\/363;\" \/><noscript><img loading=\"lazy\" class=\"alignnone  wp-image-5793\" src=\"https:\/\/bottlerain.com\/wp-content\/uploads\/2021\/08\/Lumii_20210802_112932670-241x300.jpg\" alt=\"\" width=\"292\" height=\"363\" srcset=\"https:\/\/bottlerain.com\/wp-content\/uploads\/2021\/08\/Lumii_20210802_112932670-241x300.jpg 241w, https:\/\/bottlerain.com\/wp-content\/uploads\/2021\/08\/Lumii_20210802_112932670-120x150.jpg 120w, https:\/\/bottlerain.com\/wp-content\/uploads\/2021\/08\/Lumii_20210802_112932670.jpg 729w\" sizes=\"(max-width: 292px) 100vw, 292px\" \/><\/noscript><\/strong><\/td>\n<td style=\"width: 41.6862%;\">\n<p><strong>\u00a0 <a href=\"https:\/\/bottlerain.com\/?page_id=278\">Tour Demenz <\/a><\/strong><\/p>\n<p><strong>\u00a0 (Deutschland-Bulgarien-Wildemann-Thailand)<\/strong><\/p>\n<\/td>\n<td style=\"width: 33.3333%;\">Wie ich meine Mutter aus dem Altersheim entf\u00fchrte und mit ihr auf ihre alten Tage noch etwas erlebte<\/td>\n<\/tr>\n<tr>\n<td style=\"width: 24.9804%;\"><strong>\u00a0<\/strong><\/td>\n<td style=\"width: 41.6862%;\"><strong>\u00a0<\/strong><\/td>\n<td style=\"width: 33.3333%;\">\u00a0<\/td>\n<\/tr>\n<tr>\n<td style=\"width: 24.9804%;\"><img loading=\"lazy\" class=\"alignnone  wp-image-856 lazyload\" data-src=\"https:\/\/bottlerain.com\/wp-content\/uploads\/2021\/06\/IMG_20200217_101917-225x300.jpg\" alt=\"\" width=\"208\" height=\"277\" src=\"data:image\/gif;base64,R0lGODlhAQABAAAAACH5BAEKAAEALAAAAAABAAEAAAICTAEAOw==\" style=\"--smush-placeholder-width: 208px; --smush-placeholder-aspect-ratio: 208\/277;\" \/><noscript><img loading=\"lazy\" class=\"alignnone  wp-image-856\" src=\"https:\/\/bottlerain.com\/wp-content\/uploads\/2021\/06\/IMG_20200217_101917-225x300.jpg\" alt=\"\" width=\"208\" height=\"277\" \/><\/noscript><\/td>\n<td style=\"width: 41.6862%;\"><strong>\u00a0 <a href=\"https:\/\/bottlerain.com\/?page_id=276\">Orange Planet (\u00fcberall)<\/a><\/strong><\/td>\n<td style=\"width: 33.3333%;\">Die \u00c4ffchen Valentina und Valentino auf gro\u00dfer Fahrt zur Rettung des Regenwaldes<\/td>\n<\/tr>\n<tr>\n<td style=\"width: 24.9804%;\">\u00a0<\/td>\n<td style=\"width: 41.6862%;\"><strong>\u00a0<\/strong><\/td>\n<td style=\"width: 33.3333%;\">\u00a0<\/td>\n<\/tr>\n<tr>\n<td style=\"width: 24.9804%;\"><img loading=\"lazy\" class=\"alignnone size-medium wp-image-5800 lazyload\" data-src=\"https:\/\/bottlerain.com\/wp-content\/uploads\/2021\/08\/Lumii_20210619_215108300-208x300.jpg\" alt=\"\" width=\"208\" height=\"300\" data-srcset=\"https:\/\/bottlerain.com\/wp-content\/uploads\/2021\/08\/Lumii_20210619_215108300-208x300.jpg 208w, https:\/\/bottlerain.com\/wp-content\/uploads\/2021\/08\/Lumii_20210619_215108300-104x150.jpg 104w, https:\/\/bottlerain.com\/wp-content\/uploads\/2021\/08\/Lumii_20210619_215108300.jpg 695w\" data-sizes=\"(max-width: 208px) 100vw, 208px\" src=\"data:image\/gif;base64,R0lGODlhAQABAAAAACH5BAEKAAEALAAAAAABAAEAAAICTAEAOw==\" style=\"--smush-placeholder-width: 208px; --smush-placeholder-aspect-ratio: 208\/300;\" \/><noscript><img loading=\"lazy\" class=\"alignnone size-medium wp-image-5800\" src=\"https:\/\/bottlerain.com\/wp-content\/uploads\/2021\/08\/Lumii_20210619_215108300-208x300.jpg\" alt=\"\" width=\"208\" height=\"300\" srcset=\"https:\/\/bottlerain.com\/wp-content\/uploads\/2021\/08\/Lumii_20210619_215108300-208x300.jpg 208w, https:\/\/bottlerain.com\/wp-content\/uploads\/2021\/08\/Lumii_20210619_215108300-104x150.jpg 104w, https:\/\/bottlerain.com\/wp-content\/uploads\/2021\/08\/Lumii_20210619_215108300.jpg 695w\" sizes=\"(max-width: 208px) 100vw, 208px\" \/><\/noscript><\/td>\n<td style=\"width: 41.6862%;\"><a href=\"https:\/\/bottlerain.com\/?page_id=764\"><strong>Pollution Revolution Now!<\/strong><\/a><\/td>\n<td style=\"width: 33.3333%;\">Doku-Fiktion Bildungsfilm, in welchem Umweltprobleme mit Hilfe von Satire und schwarzem Humor aufgezeigt werden<\/td>\n<\/tr>\n<tr>\n<td style=\"width: 24.9804%;\">\u00a0<\/td>\n<td style=\"width: 41.6862%;\"><strong>\u00a0<\/strong><\/td>\n<td style=\"width: 33.3333%;\">\u00a0<\/td>\n<\/tr>\n<tr>\n<td style=\"width: 24.9804%;\"><strong><img loading=\"lazy\" class=\"alignnone size-medium wp-image-5398 lazyload\" data-src=\"https:\/\/bottlerain.com\/wp-content\/uploads\/2021\/07\/Lumii_20210728_124230334-300x257.jpg\" alt=\"\" width=\"300\" height=\"257\" data-srcset=\"https:\/\/bottlerain.com\/wp-content\/uploads\/2021\/07\/Lumii_20210728_124230334-300x257.jpg 300w, https:\/\/bottlerain.com\/wp-content\/uploads\/2021\/07\/Lumii_20210728_124230334-150x128.jpg 150w, https:\/\/bottlerain.com\/wp-content\/uploads\/2021\/07\/Lumii_20210728_124230334-331x283.jpg 331w, https:\/\/bottlerain.com\/wp-content\/uploads\/2021\/07\/Lumii_20210728_124230334.jpg 692w\" data-sizes=\"(max-width: 300px) 100vw, 300px\" src=\"data:image\/gif;base64,R0lGODlhAQABAAAAACH5BAEKAAEALAAAAAABAAEAAAICTAEAOw==\" style=\"--smush-placeholder-width: 300px; --smush-placeholder-aspect-ratio: 300\/257;\" \/><noscript><img loading=\"lazy\" class=\"alignnone size-medium wp-image-5398\" src=\"https:\/\/bottlerain.com\/wp-content\/uploads\/2021\/07\/Lumii_20210728_124230334-300x257.jpg\" alt=\"\" width=\"300\" height=\"257\" srcset=\"https:\/\/bottlerain.com\/wp-content\/uploads\/2021\/07\/Lumii_20210728_124230334-300x257.jpg 300w, https:\/\/bottlerain.com\/wp-content\/uploads\/2021\/07\/Lumii_20210728_124230334-150x128.jpg 150w, https:\/\/bottlerain.com\/wp-content\/uploads\/2021\/07\/Lumii_20210728_124230334-331x283.jpg 331w, https:\/\/bottlerain.com\/wp-content\/uploads\/2021\/07\/Lumii_20210728_124230334.jpg 692w\" sizes=\"(max-width: 300px) 100vw, 300px\" \/><\/noscript><\/strong><\/td>\n<td style=\"width: 41.6862%;\"><strong>\u00a0 <a href=\"https:\/\/bottlerain.com\/?page_id=4864\">Lecker lecker Waschpulver<\/a><\/strong><\/td>\n<td style=\"width: 33.3333%;\">Politik, Drogen und M\u00fcll : meine Ansichten zur Politik<\/td>\n<\/tr>\n<\/tbody>\n<\/table>\n","protected":false},"excerpt":{"rendered":"","protected":false},"author":1,"featured_media":0,"parent":0,"menu_order":0,"comment_status":"closed","ping_status":"closed","template":"","meta":[],"_links":{"self":[{"href":"https:\/\/bottlerain.com\/index.php?rest_route=\/wp\/v2\/pages\/5918"}],"collection":[{"href":"https:\/\/bottlerain.com\/index.php?rest_route=\/wp\/v2\/pages"}],"about":[{"href":"https:\/\/bottlerain.com\/index.php?rest_route=\/wp\/v2\/types\/page"}],"author":[{"embeddable":true,"href":"https:\/\/bottlerain.com\/index.php?rest_route=\/wp\/v2\/users\/1"}],"replies":[{"embeddable":true,"href":"https:\/\/bottlerain.com\/index.php?rest_route=%2Fwp%2Fv2%2Fcomments&post=5918"}],"version-history":[{"count":5,"href":"https:\/\/bottlerain.com\/index.php?rest_route=\/wp\/v2\/pages\/5918\/revisions"}],"predecessor-version":[{"id":7106,"href":"https:\/\/bottlerain.com\/index.php?rest_route=\/wp\/v2\/pages\/5918\/revisions\/7106"}],"wp:attachment":[{"href":"https:\/\/bottlerain.com\/index.php?rest_route=%2Fwp%2Fv2%2Fmedia&parent=5918"}],"curies":[{"name":"wp","href":"https:\/\/api.w.org\/{rel}","templated":true}]}}