{"id":6881,"date":"2021-09-20T11:04:40","date_gmt":"2021-09-20T11:04:40","guid":{"rendered":"https:\/\/bottlerain.com\/?page_id=6881"},"modified":"2022-01-14T19:30:51","modified_gmt":"2022-01-14T19:30:51","slug":"tour-demenz-inhalt","status":"publish","type":"page","link":"https:\/\/bottlerain.com\/?page_id=6881","title":{"rendered":"Tour Demenz: Inhalt"},"content":{"rendered":"<p><\/p>\n\n\n<figure class=\"wp-block-table\"><table><tbody><tr><td><img style=\"--smush-placeholder-width: 732px; --smush-placeholder-aspect-ratio: 732\/960;width: 300px;\" data-src=\"https:\/\/bottlerain.com\/wp-content\/uploads\/2021\/08\/Lumii_20210821_204254836.jpg\" alt=\"\" src=\"data:image\/gif;base64,R0lGODlhAQABAAAAACH5BAEKAAEALAAAAAABAAEAAAICTAEAOw==\" class=\"lazyload\"><noscript><img style=\"width: 300px;\" src=\"https:\/\/bottlerain.com\/wp-content\/uploads\/2021\/08\/Lumii_20210821_204254836.jpg\" alt=\"\"><\/noscript><\/td><td>&nbsp;<\/td><td>\n<p><strong style=\"font-family: Roboto, sans-serif; font-size: 16px; font-style: normal; font-variant-ligatures: normal; font-variant-caps: normal; text-indent: 0em; text-align: inherit;\">Einleitung<\/strong><\/p>\n<p>Meine Mutter Ingrid Karin Laumann kam am 25.04.1934 <br>aus der Muschi meiner Oma Gertrud Berger, unter <br>Mitwirkung ihres Vaters Fritz Berger,&nbsp;&#8230;<br><a href=\"https:\/\/bottlerain.com\/?page_id=7692\" data-type=\"page\" data-id=\"7692\"><em><strong>Weiterlesen<\/strong><\/em><\/a><\/p>\n<\/td><\/tr><tr><td>&nbsp;<\/td><td>&nbsp;<\/td><td>&nbsp;<\/td><\/tr><tr><td><img style=\"--smush-placeholder-width: 714px; --smush-placeholder-aspect-ratio: 714\/745;width: 150px;\" data-src=\"https:\/\/bottlerain.com\/wp-content\/uploads\/2021\/08\/FB_IMG_16243020856712.jpg\" alt=\"\" src=\"data:image\/gif;base64,R0lGODlhAQABAAAAACH5BAEKAAEALAAAAAABAAEAAAICTAEAOw==\" class=\"lazyload\"><noscript><img style=\"width: 150px;\" src=\"https:\/\/bottlerain.com\/wp-content\/uploads\/2021\/08\/FB_IMG_16243020856712.jpg\" alt=\"\"><\/noscript><\/td><td>&nbsp;<\/td><td><strong style=\"font-style: normal; font-variant-ligatures: normal; font-variant-caps: normal; font-size: 16px; font-family: Roboto, sans-serif;\">Los geht&#8217;s<\/strong><br><br>Es war niemals Ziel gewesen, meine Mutter mit auf die Reise zu nehmen, doch ihr desolater Zustand bei einem \u201ePflichtbesuch\u201c meinerseits&#8230; <br><strong><a href=\"https:\/\/bottlerain.com\/?page_id=7676\" data-type=\"page\" data-id=\"7676\"><em>Weiterlesen<\/em><\/a><\/strong><\/td><\/tr><tr><td>&nbsp;<\/td><td>&nbsp;<\/td><td>&nbsp;<\/td><\/tr><tr><td><img data-src=\"https:\/\/bottlerain.com\/wp-content\/uploads\/2021\/08\/Lumii_20210815_162743085.jpg\" alt=\"\" src=\"data:image\/gif;base64,R0lGODlhAQABAAAAACH5BAEKAAEALAAAAAABAAEAAAICTAEAOw==\" class=\"lazyload\" style=\"--smush-placeholder-width: 498px; --smush-placeholder-aspect-ratio: 498\/1024;\"><noscript><img src=\"https:\/\/bottlerain.com\/wp-content\/uploads\/2021\/08\/Lumii_20210815_162743085.jpg\" alt=\"\"><\/noscript><\/td><td>&nbsp;<\/td><td><strong style=\"font-style: normal; font-variant-ligatures: normal; font-variant-caps: normal; font-size: 16px; font-family: Roboto, sans-serif;\">Die Weinflasche Hau-den-Kopf-weg-Story<\/strong><br><br>In meiner eigenen Geschichte habe ich In Einklang mit der Schulmedizin, Berge versetzt, was Krankheiten betrifft. Ich war auf beiden Augen erblindet&#8230;<br><strong><a href=\"https:\/\/bottlerain.com\/?page_id=7683\" data-type=\"page\" data-id=\"7683\"><em>Weiterlesen<\/em><\/a><\/strong><\/td><\/tr><tr><td>&nbsp;<\/td><td>&nbsp;<\/td><td>&nbsp;<\/td><\/tr><tr><td><img loading=\"lazy\" data-src=\"https:\/\/bottlerain.com\/wp-content\/uploads\/2021\/09\/IMG_20180921_080256-300x225.jpg\" alt=\"\" width=\"300\" height=\"225\" src=\"data:image\/gif;base64,R0lGODlhAQABAAAAACH5BAEKAAEALAAAAAABAAEAAAICTAEAOw==\" class=\"lazyload\" style=\"--smush-placeholder-width: 300px; --smush-placeholder-aspect-ratio: 300\/225;\"><noscript><img loading=\"lazy\" src=\"https:\/\/bottlerain.com\/wp-content\/uploads\/2021\/09\/IMG_20180921_080256-300x225.jpg\" alt=\"\" width=\"300\" height=\"225\"><\/noscript><\/td><td>&nbsp;<\/td><td><strong style=\"font-style: normal; font-variant-ligatures: normal; font-variant-caps: normal; font-size: 16px; font-family: Roboto, sans-serif;\">Bulgarien<\/strong><br><br>Ich war mit einer sauberen, in ihrem Leben extrem penibel und paranoiden Mutter &#8222;verheiratet&#8220; und reagierte hoch allergisch auf ihre Putzattacken&#8230;<br><strong><em><a href=\"https:\/\/bottlerain.com\/?page_id=7672\" data-type=\"page\" data-id=\"7672\">Weiterlesen<\/a><\/em><\/strong><\/td><\/tr><tr><td>&nbsp;<\/td><td>&nbsp;<\/td><td>&nbsp;<\/td><\/tr><tr><td><img loading=\"lazy\" data-src=\"https:\/\/bottlerain.com\/wp-content\/uploads\/2021\/07\/Lumii_20210703_222415345-229x300.jpg\" alt=\"\" width=\"229\" height=\"300\" src=\"data:image\/gif;base64,R0lGODlhAQABAAAAACH5BAEKAAEALAAAAAABAAEAAAICTAEAOw==\" class=\"lazyload\" style=\"--smush-placeholder-width: 229px; --smush-placeholder-aspect-ratio: 229\/300;\"><noscript><img loading=\"lazy\" src=\"https:\/\/bottlerain.com\/wp-content\/uploads\/2021\/07\/Lumii_20210703_222415345-229x300.jpg\" alt=\"\" width=\"229\" height=\"300\"><\/noscript><\/td><td>&nbsp;<\/td><td><strong style=\"font-style: normal; font-variant-ligatures: normal; font-variant-caps: normal; font-size: 16px; font-family: Roboto, sans-serif;\">Techno hilf!<\/strong><br><br>Es war Zsu die uns zum <strong>Art Lake Festival <\/strong>einlud.<br>Es war Ingrids erstes Musik Festival seit 1934 und ich fragte Zsusanna bevor die Reise losging, um was f\u00fcr eine Veranstaltung es sich beim <em>Art Lake Festival <\/em>wohl handelt, denn meine Mutter war von Geburt an, eine &#8222;<strong>Feinakkustikerin<\/strong>&#8222;&#8230; <br><strong><em><a href=\"https:\/\/bottlerain.com\/?page_id=7686\" data-type=\"page\" data-id=\"7686\">Weiterlesen<\/a><\/em><\/strong><\/td><\/tr><tr><td>&nbsp;<\/td><td>&nbsp;<\/td><td>&nbsp;<\/td><\/tr><tr><td><img loading=\"lazy\" data-src=\"https:\/\/bottlerain.com\/wp-content\/uploads\/2021\/07\/Lumii_20210707_165931916-229x300.jpg\" alt=\"\" width=\"229\" height=\"300\" src=\"data:image\/gif;base64,R0lGODlhAQABAAAAACH5BAEKAAEALAAAAAABAAEAAAICTAEAOw==\" class=\"lazyload\" style=\"--smush-placeholder-width: 229px; --smush-placeholder-aspect-ratio: 229\/300;\"><noscript><img loading=\"lazy\" src=\"https:\/\/bottlerain.com\/wp-content\/uploads\/2021\/07\/Lumii_20210707_165931916-229x300.jpg\" alt=\"\" width=\"229\" height=\"300\"><\/noscript><\/td><td>&nbsp;<\/td><td><strong style=\"font-style: normal; font-variant-ligatures: normal; font-variant-caps: normal; font-size: 16px; font-family: Roboto, sans-serif;\">Altersheim<\/strong><br><br>Meine Schwester war b\u00f6se und mein Bruder schien eifers\u00fcchtig zu sein und dr\u00e4ngten uns dazu, Ingrid dennoch in einem Altersheim unterzubringen&#8230;<br><strong><em><a href=\"https:\/\/bottlerain.com\/?page_id=7688\" data-type=\"page\" data-id=\"7688\">Weiterlesen<\/a><\/em><\/strong><\/td><\/tr><tr><td>&nbsp;<\/td><td>&nbsp;<\/td><td>&nbsp;<\/td><\/tr><tr><td><img loading=\"lazy\" data-src=\"https:\/\/bottlerain.com\/wp-content\/uploads\/2021\/07\/Lumii_20210704_233215034-300x228.jpg\" alt=\"\" width=\"300\" height=\"228\" src=\"data:image\/gif;base64,R0lGODlhAQABAAAAACH5BAEKAAEALAAAAAABAAEAAAICTAEAOw==\" class=\"lazyload\" style=\"--smush-placeholder-width: 300px; --smush-placeholder-aspect-ratio: 300\/228;\"><noscript><img loading=\"lazy\" src=\"https:\/\/bottlerain.com\/wp-content\/uploads\/2021\/07\/Lumii_20210704_233215034-300x228.jpg\" alt=\"\" width=\"300\" height=\"228\"><\/noscript><\/td><td>&nbsp;<\/td><td><strong style=\"font-style: normal; font-variant-ligatures: normal; font-variant-caps: normal; font-size: 16px; font-family: Roboto, sans-serif;\">Wildemann<\/strong><br><br>Also ging&#8217;s weiter mit uns auf den &#8222;Highway to hell&#8220; zusammen durch die Weltgeschichte, \u00fcber Berg und Tal, vom Weserbergland \u00fcber den Harz nach Wildemann &#8230;<br><strong><em><a href=\"https:\/\/bottlerain.com\/?page_id=7703\" data-type=\"page\" data-id=\"7703\">Weiterlesen<\/a><\/em><\/strong><\/td><\/tr><tr><td><\/td><td><\/td><td><\/td><\/tr><tr><td><\/td><td><\/td><td><strong>Berlin<\/strong><br><br>Ingrid war nicht nur geschichtlich, sondern auch unglaublich gedichtlich.\u00a0<br>Sie holte jeden Tag irgendetwas aus der Schublade und sang und reimte drauf los.\u00a0<br>Ihr Kopf war ein B\u00fccherschrank.\u00a0<br><strong><em><a href=\"https:\/\/bottlerain.com\/?page_id=8163\">Weiterlesen<\/a><\/em><\/strong><\/td><\/tr><tr><td><\/td><td><\/td><td><\/td><\/tr><tr><td><\/td><td><\/td><td><strong>Thailand<\/strong><br>Wir flogen ca. 16 Stunden. Ingrid verirrte sich noch manches Mal zwischen Cockpit, Flugzeugausgang und Toilette.<br>Irgendwann, hoch \u00fcber dem Iran oder war es Indien, wollte sie zum Pinkeln zu den Piloten ins Cockpit steigen.<br><em><a href=\"https:\/\/bottlerain.com\/?page_id=8177\"><strong>Weiterlesen<\/strong><\/a><\/em><\/td><\/tr><tr><\/tr><\/tbody><\/table><\/figure>\n\n\n<p><\/p>\n<p><!-- \/wp:buttons --><\/p>\n<p>\t\t\t<a href=\"https:\/\/bottlerain.com\/?page_id=7692\" role=\"button\"><br>\n\t\t\t\t\t\tZur Story<br>\n\t\t\t\t\t<\/a><\/p>","protected":false},"excerpt":{"rendered":"<p>&nbsp; Einleitung Meine Mutter Ingrid Karin Laumann kam am 25.04.1934 aus der Muschi meiner Oma Gertrud Berger, unter Mitwirkung ihres Vaters Fritz Berger,&nbsp;&#8230;Weiterlesen &nbsp; &nbsp; &hellip;<\/p>\n","protected":false},"author":1,"featured_media":0,"parent":0,"menu_order":0,"comment_status":"closed","ping_status":"closed","template":"","meta":[],"_links":{"self":[{"href":"https:\/\/bottlerain.com\/index.php?rest_route=\/wp\/v2\/pages\/6881"}],"collection":[{"href":"https:\/\/bottlerain.com\/index.php?rest_route=\/wp\/v2\/pages"}],"about":[{"href":"https:\/\/bottlerain.com\/index.php?rest_route=\/wp\/v2\/types\/page"}],"author":[{"embeddable":true,"href":"https:\/\/bottlerain.com\/index.php?rest_route=\/wp\/v2\/users\/1"}],"replies":[{"embeddable":true,"href":"https:\/\/bottlerain.com\/index.php?rest_route=%2Fwp%2Fv2%2Fcomments&post=6881"}],"version-history":[{"count":36,"href":"https:\/\/bottlerain.com\/index.php?rest_route=\/wp\/v2\/pages\/6881\/revisions"}],"predecessor-version":[{"id":8247,"href":"https:\/\/bottlerain.com\/index.php?rest_route=\/wp\/v2\/pages\/6881\/revisions\/8247"}],"wp:attachment":[{"href":"https:\/\/bottlerain.com\/index.php?rest_route=%2Fwp%2Fv2%2Fmedia&parent=6881"}],"curies":[{"name":"wp","href":"https:\/\/api.w.org\/{rel}","templated":true}]}}