{"id":7899,"date":"2021-10-26T11:54:45","date_gmt":"2021-10-26T11:54:45","guid":{"rendered":"https:\/\/bottlerain.com\/?page_id=7899"},"modified":"2021-12-08T18:23:58","modified_gmt":"2021-12-08T18:23:58","slug":"tour-demenz","status":"publish","type":"page","link":"https:\/\/bottlerain.com\/?page_id=7899","title":{"rendered":"Tour Demenz &#8211; In Kapiteln"},"content":{"rendered":"\t\t<div data-elementor-type=\"wp-page\" data-elementor-id=\"7899\" class=\"elementor elementor-7899\">\n\t\t\t\t\t\t\t\t\t<section class=\"elementor-section elementor-top-section elementor-element elementor-element-1743e5f elementor-section-boxed elementor-section-height-default elementor-section-height-default\" data-id=\"1743e5f\" data-element_type=\"section\">\n\t\t\t\t\t\t<div class=\"elementor-container elementor-column-gap-default\">\n\t\t\t\t\t<div class=\"elementor-column elementor-col-100 elementor-top-column elementor-element elementor-element-5020e33f\" data-id=\"5020e33f\" data-element_type=\"column\">\n\t\t\t<div class=\"elementor-widget-wrap elementor-element-populated\">\n\t\t\t\t\t\t\t\t<div class=\"elementor-element elementor-element-57b7de22 elementor-widget elementor-widget-text-editor\" data-id=\"57b7de22\" data-element_type=\"widget\" data-widget_type=\"text-editor.default\">\n\t\t\t\t<div class=\"elementor-widget-container\">\n\t\t\t<style>\/*! elementor - v3.11.5 - 14-03-2023 *\/\n.elementor-widget-text-editor.elementor-drop-cap-view-stacked .elementor-drop-cap{background-color:#818a91;color:#fff}.elementor-widget-text-editor.elementor-drop-cap-view-framed .elementor-drop-cap{color:#818a91;border:3px solid;background-color:transparent}.elementor-widget-text-editor:not(.elementor-drop-cap-view-default) .elementor-drop-cap{margin-top:8px}.elementor-widget-text-editor:not(.elementor-drop-cap-view-default) .elementor-drop-cap-letter{width:1em;height:1em}.elementor-widget-text-editor .elementor-drop-cap{float:left;text-align:center;line-height:1;font-size:50px}.elementor-widget-text-editor .elementor-drop-cap-letter{display:inline-block}<\/style>\t\t\t\t<!-- wp:paragraph -->\n<p>Die Tour Demenz ist die Geschichte einer Mutter, die Gl\u00fcck hatte. Das Gl\u00fcck, nicht in einem verstaubten Altersheim ihre letzten  Jahre zu verbringen. Sie reist in dieser wahren Geschichte mit mir, ihrem Sohn, von Ort zu Ort. Vom Verwahrungsort im Haus der Schwester weg, nach Bulgarien, Wildemann, Thailand. Mit einem kleinen Abstecher in ein Altersheim, in dem die \u00fcbrige Familie sie gerne gesehen h\u00e4tte. Ein sehr ungew\u00f6hnliches Road-Movie in einer Gesellschaft, die ihre alten Menschen heutzutage gerne in die &#8222;professionelle&#8220; Pflege von extra daf\u00fcr ausgebildeten Pflegekr\u00e4ften und Altersheimen abgibt. So stehen die Senioren den eigenen Lebenspl\u00e4nen der \u00fcbrigen Familie nicht im Wege, st\u00f6ren so wenig, wie m\u00f6glich und man kommt mit einem Besuch alle 14-Tage als Angeh\u00f6riger sehr billig davon. Diese &#8222;L\u00f6sung&#8220; verursacht mit den Pflegenotstand und tr\u00e4gt zur Vereinsamung der alten Menschen bei. Und ist ein gewaltiger Markt.<\/p>\n<!-- \/wp:paragraph -->\n\n<!-- wp:paragraph -->\n<p>Im Gegensatz dazu wird in der Tour Demenz meine Mutter als das angenommen, was sie ist. Als Mensch: mit ihrer Demenz, Inkontinenz und ihren Charaktereigenschaften. Mit ihren Ecken und Kanten. Als ganzer Mensch, mit Vorgeschichte und allem drum und dran. Der einem manchmal richtig auf die Nerven fallen kann. Die Tour Demenz macht deutlich, wie es in Wahrheit um unsere Sozialgesellschaft steht.<\/p>\n<!-- \/wp:paragraph -->\n\n<!-- wp:paragraph -->\n<p>Viel Spa\u00df beim Lesen!<\/p>\n<!-- \/wp:paragraph -->\n\n<p><a role=\"button\" target=\"_blank\" rel=\"noopener\" data-wplink-edit=\"true\">\u00a0<\/a><\/p>\t\t\t\t\t\t<\/div>\n\t\t\t\t<\/div>\n\t\t\t\t\t<\/div>\n\t\t<\/div>\n\t\t\t\t\t\t\t<\/div>\n\t\t<\/section>\n\t\t\t\t<section class=\"elementor-section elementor-top-section elementor-element elementor-element-b23f100 elementor-section-content-middle elementor-section-boxed elementor-section-height-default elementor-section-height-default\" data-id=\"b23f100\" data-element_type=\"section\">\n\t\t\t\t\t\t<div class=\"elementor-container elementor-column-gap-default\">\n\t\t\t\t\t<div class=\"elementor-column elementor-col-100 elementor-top-column elementor-element elementor-element-aaa5a3a\" data-id=\"aaa5a3a\" data-element_type=\"column\">\n\t\t\t<div class=\"elementor-widget-wrap elementor-element-populated\">\n\t\t\t\t\t\t\t\t<div class=\"elementor-element elementor-element-ac53656 elementor-button-info elementor-align-center elementor-widget elementor-widget-button\" data-id=\"ac53656\" data-element_type=\"widget\" data-widget_type=\"button.default\">\n\t\t\t\t<div class=\"elementor-widget-container\">\n\t\t\t\t\t<div class=\"elementor-button-wrapper\">\n\t\t\t<a href=\"https:\/\/bottlerain.com\/?page_id=6881\" target=\"_blank\" class=\"elementor-button-link elementor-button elementor-size-md\" role=\"button\">\n\t\t\t\t\t\t<span class=\"elementor-button-content-wrapper\">\n\t\t\t\t\t\t<span class=\"elementor-button-text\">Zum Inhaltsverzeichnis<\/span>\n\t\t<\/span>\n\t\t\t\t\t<\/a>\n\t\t<\/div>\n\t\t\t\t<\/div>\n\t\t\t\t<\/div>\n\t\t\t\t\t<\/div>\n\t\t<\/div>\n\t\t\t\t\t\t\t<\/div>\n\t\t<\/section>\n\t\t\t\t\t\t\t<\/div>\n\t\t","protected":false},"excerpt":{"rendered":"<p>Die Tour Demenz ist die Geschichte einer Mutter, die Gl\u00fcck hatte. Das Gl\u00fcck, nicht in einem verstaubten Altersheim ihre letzten Jahre zu verbringen. Sie reist &hellip;<\/p>\n","protected":false},"author":1,"featured_media":0,"parent":0,"menu_order":0,"comment_status":"closed","ping_status":"closed","template":"","meta":[],"_links":{"self":[{"href":"https:\/\/bottlerain.com\/index.php?rest_route=\/wp\/v2\/pages\/7899"}],"collection":[{"href":"https:\/\/bottlerain.com\/index.php?rest_route=\/wp\/v2\/pages"}],"about":[{"href":"https:\/\/bottlerain.com\/index.php?rest_route=\/wp\/v2\/types\/page"}],"author":[{"embeddable":true,"href":"https:\/\/bottlerain.com\/index.php?rest_route=\/wp\/v2\/users\/1"}],"replies":[{"embeddable":true,"href":"https:\/\/bottlerain.com\/index.php?rest_route=%2Fwp%2Fv2%2Fcomments&post=7899"}],"version-history":[{"count":31,"href":"https:\/\/bottlerain.com\/index.php?rest_route=\/wp\/v2\/pages\/7899\/revisions"}],"predecessor-version":[{"id":8045,"href":"https:\/\/bottlerain.com\/index.php?rest_route=\/wp\/v2\/pages\/7899\/revisions\/8045"}],"wp:attachment":[{"href":"https:\/\/bottlerain.com\/index.php?rest_route=%2Fwp%2Fv2%2Fmedia&parent=7899"}],"curies":[{"name":"wp","href":"https:\/\/api.w.org\/{rel}","templated":true}]}}